{"id":11412,"date":"2016-12-05T16:27:47","date_gmt":"2016-12-05T16:27:47","guid":{"rendered":"https:\/\/morz.vamtam.com\/?page_id=11412"},"modified":"2026-01-27T01:02:32","modified_gmt":"2026-01-27T04:02:32","slug":"contato","status":"publish","type":"page","link":"https:\/\/limacargolog.com.br\/en\/contato\/","title":{"rendered":"Contact"},"content":{"rendered":"<div class=\"vgblk-rw-wrapper limit-wrapper\">\n\n\t\t<iframe src=\"https:\/\/maps.google.com\/maps?q=Av.+Senador+Roberto+Simonsen%2C+743&#038;iwloc=near&#038;output=embed\" height=\"480\" frameborder=\"0\" loading=\"lazy\"><\/iframe>\n\t<h2>Contact us<\/h2>\n<h4>\n\tTelephone\n\t<\/h4>\n\t<p>+55 (11) 2719-4899<\/p>\n<h4>\n\tWorking hours\n\t<\/h4>\n\t<p>Monday to Saturday from 9:00 to 18:00<\/p>\n<h4>\n\tAddress\n\t<\/h4>\n\tSen. Roberto S\u00edmonsen, 743<br \/>\n SALA 31 &#8211; Santo Ant\u00f4nio, S\u00e3o Caetano do Sul<br \/>\n CEP: 09530-401\n\tAviso: O JavaScript \u00e9 necess\u00e1rio para esse conte\u00fado.\n        <!-- That data is being printed as a workaround to page builders reordering the order of the scripts loaded-->\n        \n<\/div><!-- .vgblk-rw-wrapper -->","protected":false},"excerpt":{"rendered":"<p>Entre em contato conosco Telefone +55 (11) 2719-4899 Hor\u00e1rio de trabalho Segunda a s\u00e1bado das 9:00 \u00e0s 18:00 Endere\u00e7o Av. Sen. Roberto S\u00edmonsen, 743 SALA 31 &#8211; Santo Ant\u00f4nio, S\u00e3o Caetano do Sul CEP: 09530-401 Aviso: O JavaScript \u00e9 necess\u00e1rio para esse conte\u00fado.<\/p>","protected":false},"author":1,"featured_media":0,"parent":0,"menu_order":0,"comment_status":"closed","ping_status":"closed","template":"","meta":{"footnotes":""},"class_list":["post-11412","page","type-page","status-publish","hentry"],"_links":{"self":[{"href":"https:\/\/limacargolog.com.br\/en\/wp-json\/wp\/v2\/pages\/11412","targetHints":{"allow":["GET"]}}],"collection":[{"href":"https:\/\/limacargolog.com.br\/en\/wp-json\/wp\/v2\/pages"}],"about":[{"href":"https:\/\/limacargolog.com.br\/en\/wp-json\/wp\/v2\/types\/page"}],"author":[{"embeddable":true,"href":"https:\/\/limacargolog.com.br\/en\/wp-json\/wp\/v2\/users\/1"}],"replies":[{"embeddable":true,"href":"https:\/\/limacargolog.com.br\/en\/wp-json\/wp\/v2\/comments?post=11412"}],"version-history":[{"count":4,"href":"https:\/\/limacargolog.com.br\/en\/wp-json\/wp\/v2\/pages\/11412\/revisions"}],"predecessor-version":[{"id":987864,"href":"https:\/\/limacargolog.com.br\/en\/wp-json\/wp\/v2\/pages\/11412\/revisions\/987864"}],"wp:attachment":[{"href":"https:\/\/limacargolog.com.br\/en\/wp-json\/wp\/v2\/media?parent=11412"}],"curies":[{"name":"wp","href":"https:\/\/api.w.org\/{rel}","templated":true}]}}