{"id":11419,"date":"2016-12-05T16:29:56","date_gmt":"2016-12-05T16:29:56","guid":{"rendered":"https:\/\/morz.vamtam.com\/?page_id=11419"},"modified":"2026-01-30T15:53:58","modified_gmt":"2026-01-30T18:53:58","slug":"home","status":"publish","type":"page","link":"https:\/\/limacargolog.com.br\/en\/","title":{"rendered":"Home"},"content":{"rendered":"<div class=\"vgblk-rw-wrapper limit-wrapper\">\n\n\t\t\t\t\t\t\t<img decoding=\"async\" src=\"https:\/\/morz.vamtam.com\/wp-content\/uploads\/2018\/01\/element-support.svg\" alt=\"element-support\" itemprop=\"image\" height=\"78px\" width=\"62px\" title=\"element-support\" onerror=\"this.style.display='none'\"  \/>\n<h5>\n\tTelephone\n\t<\/h5>\n\tSales team<br \/>\n<a href=\"https:\/\/www.google.com\/search?q=lima+cargo+log&amp;sca_esv=219388647f983b16&amp;sxsrf=AE3TifPR7rchJN0TGyDJsnbKDjmRTkF3Yg%3A1759181764082&amp;source=hp&amp;ei=xPvaaKqPAqzK1sQP4YOC2Ao&amp;iflsig=AOw8s4IAAAAAaNsJ1IuHBkgJby7r-XYrzHYs3pKaWQ6t&amp;ved=0ahUKEwiqgZDh9v6PAxUspZUCHeGBAKsQ4dUDCBg&amp;uact=5&amp;oq=lima+cargo+log&amp;gs_lp=Egdnd3Mtd2l6Ig5saW1hIGNhcmdvIGxvZzIEECMYJzIGEAAYFhgeMgYQABgWGB4yAhAmMggQABiABBiiBDIIEAAYgAQYogQyCBAAGIAEGKIEMggQABiABBiiBEigClAAWJQJcAB4AJABAJgBpgGgAZkOqgEEMC4xNLgBA8gBAPgBAZgCDqACtA7CAhAQIxjwBRiABBgnGMkCGIoFwgIKECMYgAQYJxiKBcICCxAAGIAEGLEDGIMBwgIIEC4YgAQYsQPCAggQABiABBixA8ICDhAuGIAEGLEDGNEDGMcBwgIFEAAYgATCAgsQLhiABBixAxiDAcICDhAuGIAEGMcBGI4FGK8BwgIIEC4YgAQY1ALCAgUQLhiABMICCxAuGIAEGMcBGK8BwgIIEAAYgAQYywGYAwCSBwQwLjE0oAejvgGyBwQwLjE0uAe0DsIHBTQuOS4xyAcS&amp;sclient=gws-wiz#\" data-dtype=\"d3ph\" data-local-attribute=\"d3ph\" data-ved=\"2ahUKEwjMgo7i9v6PAxV0lJUCHRGpA_IQkAgoAHoECDEQAg\">(11) 2719-4899<\/a>\n\t\t\t\t\t\t\t<img decoding=\"async\" src=\"https:\/\/morz.vamtam.com\/wp-content\/uploads\/2018\/01\/element-map.svg\" alt=\"element-map\" itemprop=\"image\" height=\"60px\" width=\"99px\" title=\"element-map\" onerror=\"this.style.display='none'\"  \/>\n<h5>\n\tI curl up\n\t<\/h5>\n\t<p>Av. Sen. Roberto S\u00edmonsen, 743 - SALA 31 - Santo Ant\u00f4nio, S\u00e3o Caetano do Sul - SP<\/p>\n<h5>\n\tExchange rate\n\t<\/h5>\n\t<span class=\"ptax-ultimo\" data-currency=\"USD\" data-type=\"venda\" data-at=\"2026-05-05 13:04:25.969\">D\u00f3lar PTAX Venda: R$ 4,9242<\/span> \/ <span class=\"ptax-ultimo\" data-currency=\"USD\" data-type=\"compra\" data-at=\"2026-05-05 13:04:25.969\">D\u00f3lar PTAX Compra: R$ 4,9236 <small>(atualizado: 05\/05\/2026 13:04)<\/small><\/span><br \/>\n<span class=\"ptax-ultimo\" data-currency=\"EUR\" data-type=\"venda\" data-at=\"2026-05-05 13:04:25.969\">Euro PTAX Venda: R$ 5,7648<\/span> \/ <span class=\"ptax-ultimo\" data-currency=\"EUR\" data-type=\"compra\" data-at=\"2026-05-05 13:04:25.969\">Euro PTAX Compra: R$ 5,7636 <small>(atualizado: 05\/05\/2026 13:04)<\/small><\/span><a href=\"https:\/\/www.bcb.gov.br\" target=\"_blank\" rel=\"noopener noreferrer\"><br \/>\n<img decoding=\"async\" role=\"img\" draggable=\"false\" src=\"https:\/\/s.w.org\/images\/core\/emoji\/16.0.1\/svg\/1f517.svg\" alt=\"????\" \/> See more on the Central Bank's website<\/a>\n<h2>\n\t<b>Differentials<\/b> da Lima Cargo\n\t<\/h2>\n\tOptimized processes to ensure that your cargo always arrives on time, reducing delays and increasing the efficiency of the operation.\n\tEach shipment is treated with total rigor, from documentation to transportation, ensuring protection and compliance at every stage of logistics.\n\t<p>Your company is connected to the world's main ports, airports and routes, with complete logistics solutions for more than 20 countries.<\/p>\n\tYou can follow every stage of your cargo in real time, with clear information and direct communication, without bureaucracy or surprises.\n\t<a href=\"https:\/\/limacargolog.com.br\/en\/empresa\/\" target=\"_self\" role=\"button\">\n\t\t\t\t\t<b>Learn more about the company<\/b>\n\t<\/a>\n\t<h1>Our services<\/h1>\n<h3>\n\tImport\n\t<\/h3>\n\t<p>We manage the entire import process - from international negotiation to final delivery - guaranteeing legal compliance, risk reduction and cost optimization for your company.<\/p>\n<h3>\n\tExport\n\t<\/h3>\n\t<p>We take your products around the world safely and efficiently, taking care of documentation, transportation and international compliance so that your company can conquer new markets without obstacles.<\/p>\n<h3>\n\tCustoms Clearance\n\t<\/h3>\n\tOur specialized team works to speed up tax and customs clearance, avoiding delays and ensuring that your cargo is released quickly, safely and in full compliance.\n<h3>\n\tNational Transport and Last Mile\n\t<\/h3>\n\t<p>From arrival in Brazil to the final stage of delivery, we offer traceable, reliable and efficient transportation, ensuring that your cargo reaches its final destination with peace of mind.<\/p>\n<h4>\n\tNumbers that represent <b>trust, commitment and results.<\/b>\n\t<\/h4>\n\t\t\t3,000+\n<h5>\n\tImport and export processes completed\n\t<\/h5>\n\tMore than 500 import, export and clearance operations have been successfully completed, always with a focus on concrete results.\n\t\t\t20+\n<h5>\n\tConnected Countries\n\t<\/h5>\n\tWe operate in more than 20 countries with strategic partners, ensuring that your cargo crosses borders smoothly and quickly.\n\t\t\t150+\n<h5>\n\tSatisfied customers\n\t<\/h5>\n\tMore than 150 companies have already chosen Lima Cargo to simplify and make their international operations safer and more efficient.\n\t\t\t10,000m\n<h5>\n\tTons of cargo handled\n\t<\/h5>\n\tCargo from different segments has already passed through our hands, totaling more than 10,000 tons transported safely and traceably.\n<h5>\n\tSign up!\n\t<\/h5>\n\t<p>Join our newsletter and stay up to date with all our news.<\/p>\n\n<\/div><!-- .vgblk-rw-wrapper -->","protected":false},"excerpt":{"rendered":"<p>Phone Sales team (11) 2719-4899 Enrede\u00e7o Av. Sen. Roberto S\u00edmonsen, 743 - SALA 31 - Santo Ant\u00f4nio, S\u00e3o Caetano do Sul - SP C\u00e2mbio \/ \/ See more on the Central Bank's website Lima Cargo's differentials Optimized processes to ensure that your cargo always arrives on time, reducing delays and increasing efficiency...<\/p>","protected":false},"author":1,"featured_media":0,"parent":0,"menu_order":0,"comment_status":"closed","ping_status":"closed","template":"","meta":{"footnotes":""},"class_list":["post-11419","page","type-page","status-publish","hentry"],"_links":{"self":[{"href":"https:\/\/limacargolog.com.br\/en\/wp-json\/wp\/v2\/pages\/11419","targetHints":{"allow":["GET"]}}],"collection":[{"href":"https:\/\/limacargolog.com.br\/en\/wp-json\/wp\/v2\/pages"}],"about":[{"href":"https:\/\/limacargolog.com.br\/en\/wp-json\/wp\/v2\/types\/page"}],"author":[{"embeddable":true,"href":"https:\/\/limacargolog.com.br\/en\/wp-json\/wp\/v2\/users\/1"}],"replies":[{"embeddable":true,"href":"https:\/\/limacargolog.com.br\/en\/wp-json\/wp\/v2\/comments?post=11419"}],"version-history":[{"count":11,"href":"https:\/\/limacargolog.com.br\/en\/wp-json\/wp\/v2\/pages\/11419\/revisions"}],"predecessor-version":[{"id":987868,"href":"https:\/\/limacargolog.com.br\/en\/wp-json\/wp\/v2\/pages\/11419\/revisions\/987868"}],"wp:attachment":[{"href":"https:\/\/limacargolog.com.br\/en\/wp-json\/wp\/v2\/media?parent=11419"}],"curies":[{"name":"wp","href":"https:\/\/api.w.org\/{rel}","templated":true}]}}