{"id":13345,"date":"2017-07-31T12:54:58","date_gmt":"2017-07-31T12:54:58","guid":{"rendered":"https:\/\/morz.vamtam.com\/?page_id=13345"},"modified":"2026-01-30T15:56:35","modified_gmt":"2026-01-30T18:56:35","slug":"empresa","status":"publish","type":"page","link":"https:\/\/limacargolog.com.br\/en\/empresa\/","title":{"rendered":"Company"},"content":{"rendered":"<div class=\"vgblk-rw-wrapper limit-wrapper\">\n\n\t<h2>Lima Cargo Log is a global company specializing in complete logistics and supply chain solutions.<\/h2>\n\tFounded in <strong data-start=\"184\" data-end=\"192\">2021<\/strong>, in <strong data-start=\"197\" data-end=\"210\">S\u00e3o Paulo<\/strong>, a <strong data-start=\"214\" data-end=\"232\">Lima Cargo Log<\/strong> was born from the experience of professionals with more than <strong data-start=\"284\" data-end=\"333\">20 years of experience in international logistics<\/strong>. Our purpose is to connect Brazilian companies to the global market through <strong data-start=\"413\" data-end=\"466\">agile, safe and competitive logistics solutions<\/strong>, sempre adaptadas \u00e0 realidade de cada cliente.\nAtuamos com uma abordagem <strong data-start=\"541\" data-end=\"570\">integrated and personalized<\/strong>, cuidando de toda a opera\u00e7\u00e3o &#8211; da coleta \u00e0 entrega final &#8211; com <strong data-start=\"634\" data-end=\"679\">total visibility, control and efficiency<\/strong>. Com uma rede global de parceiros e foco constante em inova\u00e7\u00e3o e tecnologia, oferecemos opera\u00e7\u00f5es mais r\u00e1pidas, confi\u00e1veis e transparentes.\nMais do que transportar cargas, nosso compromisso \u00e9 <strong data-start=\"873\" data-end=\"897\">boosting business<\/strong>, reduzindo prazos, otimizando custos e garantindo tranquilidade em cada etapa do processo log\u00edstico.\n\t\t\t3,000m\n\t\t\t\t\t\t\t+\n<h5>\n\tImport and export processes completed\n\t<\/h5>\n\t<p>More than 500 import, export and clearance operations have been successfully completed, always with a focus on concrete results.<\/p>\n\t\t\t20+\n<h5>\n\tConnected Countries\n\t<\/h5>\nAtuamos em mais de 20 pa\u00edses com parceiros estrat\u00e9gicos, garantindo que sua carga atravesse fronteiras com tranquilidade e agilidade.\n\t\t\t150\n\t\t\t\t\t\t\t+\n<h5>\n\tSatisfied customers\n\t<\/h5>\nMore than 150 companies have already chosen Lima Cargo to simplify and make their international operations safer and more efficient.\n\t\t\t\t<a href=\"\/en\/sea-freight\/\" target=\"_self\" itemprop=\"url\" title=\"company-3\">\n\t\t\t\t\t\t\t<img fetchpriority=\"high\" decoding=\"async\" src=\"https:\/\/limacargolog.com.br\/wp-content\/uploads\/2018\/01\/company-3.jpg\" alt=\"company-3\" itemprop=\"image\" height=\"437\" width=\"380\" data-link-type=\"url\" title=\"company-3\" onerror=\"this.style.display='none'\" sizes=\"(max-width: 768px) 100vw, 100vw\"  srcset=\"https:\/\/limacargolog.com.br\/wp-content\/uploads\/2018\/01\/company-3.jpg 380w, https:\/\/limacargolog.com.br\/wp-content\/uploads\/2018\/01\/company-3-261x300.jpg 261w, https:\/\/limacargolog.com.br\/wp-content\/uploads\/2018\/01\/company-3-315x362.jpg 315w\" \/>\t\t\t\t\t\t<\/a>\n\t\t\t\t<a href=\"\/en\/air-freight\/\" target=\"_self\" itemprop=\"url\" title=\"company-2\">\n\t\t\t\t\t\t\t<img decoding=\"async\" src=\"https:\/\/limacargolog.com.br\/wp-content\/uploads\/2018\/01\/company-2.jpg\" alt=\"company-2\" itemprop=\"image\" height=\"437\" width=\"380\" data-link-type=\"url\" title=\"company-2\" onerror=\"this.style.display='none'\"  sizes=\"(max-width: 768px) 100vw, 100vw\" srcset=\"https:\/\/limacargolog.com.br\/wp-content\/uploads\/2018\/01\/company-2.jpg 380w, https:\/\/limacargolog.com.br\/wp-content\/uploads\/2018\/01\/company-2-261x300.jpg 261w, https:\/\/limacargolog.com.br\/wp-content\/uploads\/2018\/01\/company-2-315x362.jpg 315w\" \/>\t\t\t\t\t\t<\/a>\n\t\t\t\t<a href=\"\/en\/land-transport\/\" target=\"_self\" itemprop=\"url\" title=\"company-1\">\n\t\t\t\t\t\t\t<img decoding=\"async\" src=\"https:\/\/limacargolog.com.br\/wp-content\/uploads\/2018\/03\/company-1.jpg\" alt=\"company-1\" itemprop=\"image\" height=\"437\" width=\"380\" data-link-type=\"url\" title=\"company-1\" onerror=\"this.style.display='none'\"  sizes=\"(max-width: 768px) 100vw, 100vw\" srcset=\"https:\/\/limacargolog.com.br\/wp-content\/uploads\/2018\/03\/company-1.jpg 380w, https:\/\/limacargolog.com.br\/wp-content\/uploads\/2018\/03\/company-1-261x300.jpg 261w, https:\/\/limacargolog.com.br\/wp-content\/uploads\/2018\/03\/company-1-315x362.jpg 315w\" \/>\t\t\t\t\t\t<\/a>\n\t<ul>\n<li data-start=\"517\" data-end=\"544\">\nImport and Export\n<\/li>\n<li data-start=\"545\" data-end=\"564\">\nLarge volumes\n<\/li>\n<li data-start=\"565\" data-end=\"600\">\nOptimizing logistics costs\n<\/li>\n<\/ul>\n\t<ul>\n<li data-start=\"839\" data-end=\"858\">\nUrgent shipments\n<\/li>\n<li data-start=\"859\" data-end=\"877\">\nCritical parts\n<\/li>\n<li data-start=\"878\" data-end=\"916\">\nHigh value-added goods\n<\/li>\n<\/ul>\n\t<ul>\n<li data-start=\"1158\" data-end=\"1183\">\nCollection and distribution\n<\/li>\n<li data-start=\"1184\" data-end=\"1209\">\nMultimodal integration\n<\/li>\n<li data-start=\"1210\" data-end=\"1223\">\nLast mile\n<\/li>\n<\/ul>\n\t<ul>\n<li data-start=\"1454\" data-end=\"1485\">\nSmall and medium shipments\n<\/li>\n<li data-start=\"1486\" data-end=\"1507\">\nReducing costs\n<\/li>\n<li data-start=\"1508\" data-end=\"1533\">\nRecurring operations\n<\/li>\n<\/ul>\n<h4>\n\tVision\n\t<\/h4>\n\tBeing a <strong data-start=\"214\" data-end=\"276\">global reference in logistics and supply chain solutions<\/strong>, The company is recognized for its operational excellence, its proximity to customers and its ability to generate sustainable value in each operation.\n<h4>\n\tMission\n\t<\/h4>\n\tConnecting Brazilian companies to the global market through <strong data-start=\"490\" data-end=\"550\">efficient, secure and customized logistics solutions<\/strong>, using our experience, international presence and technology to optimize supply chains and boost business.\n<h4>\n\tValues\n\t<\/h4>\n<article dir=\"auto\" tabindex=\"-1\" data-turn-id=\"request-WEB:85dc9e3c-6571-43fd-b80d-76a3dd9e7b75-11\" data-testid=\"conversation-turn-24\" data-scroll-anchor=\"true\" data-turn=\"assistant\">\nA <strong data-start=\"72\" data-end=\"90\">Lima Cargo Log<\/strong> operates ethically and transparently, prioritizes agility and efficiency in its operations, continuously invests in innovation and technology, maintains a commitment to social and environmental responsibility and values people as the basis for delivering reliable, high-performance logistics solutions.\n<\/article>\n<h2>\n\tEthics and Compliance\n\t<\/h2>\n\t<p>A <strong data-start=\"151\" data-end=\"169\">Lima Cargo Log<\/strong> conducts its business with integrity, transparency and respect for the people, cultures and laws of the countries where it operates. Our commitment is to operate responsibly, ethically and in line with good international practices, ensuring compliance, trust and sustainability throughout the logistics chain.<\/p>\n<h2>\n\tWow <b>Mission<\/b>\n\t<\/h2>\n\t<p>Use our global presence and expertise in air and sea transportation to collaborate with our clients, generate value in their supply chains and develop integrated, intelligent and efficient end-to-end logistics solutions.<\/p>\n<h2>\n\tO <b>Customer<\/b> in First Place\n\t<\/h2>\n<h4>\n\tAll our processes, structures and operations are geared to our clients' needs, guaranteeing customized solutions, operational efficiency and a total focus on results.\n\t<\/h4>\n\tAviso: O JavaScript \u00e9 necess\u00e1rio para esse conte\u00fado.\nNenhum campo encontrado.\n        <!-- That data is being printed as a workaround to page builders reordering the order of the scripts loaded-->\n        \n<\/div><!-- .vgblk-rw-wrapper -->","protected":false},"excerpt":{"rendered":"<p>A Lima Cargo Log \u00e9 uma empresa global especializada em solu\u00e7\u00f5es completas de log\u00edstica e supply chain. Fundada em 2021, em S\u00e3o Paulo, a Lima Cargo Log nasceu da experi\u00eancia de profissionais com mais de 20 anos de atua\u00e7\u00e3o em log\u00edstica internacional. Nosso prop\u00f3sito \u00e9 conectar empresas brasileiras ao mercado global por meio de solu\u00e7\u00f5es&#8230;<\/p>","protected":false},"author":1,"featured_media":0,"parent":0,"menu_order":0,"comment_status":"closed","ping_status":"closed","template":"","meta":{"footnotes":""},"class_list":["post-13345","page","type-page","status-publish","hentry"],"_links":{"self":[{"href":"https:\/\/limacargolog.com.br\/en\/wp-json\/wp\/v2\/pages\/13345","targetHints":{"allow":["GET"]}}],"collection":[{"href":"https:\/\/limacargolog.com.br\/en\/wp-json\/wp\/v2\/pages"}],"about":[{"href":"https:\/\/limacargolog.com.br\/en\/wp-json\/wp\/v2\/types\/page"}],"author":[{"embeddable":true,"href":"https:\/\/limacargolog.com.br\/en\/wp-json\/wp\/v2\/users\/1"}],"replies":[{"embeddable":true,"href":"https:\/\/limacargolog.com.br\/en\/wp-json\/wp\/v2\/comments?post=13345"}],"version-history":[{"count":5,"href":"https:\/\/limacargolog.com.br\/en\/wp-json\/wp\/v2\/pages\/13345\/revisions"}],"predecessor-version":[{"id":987869,"href":"https:\/\/limacargolog.com.br\/en\/wp-json\/wp\/v2\/pages\/13345\/revisions\/987869"}],"wp:attachment":[{"href":"https:\/\/limacargolog.com.br\/en\/wp-json\/wp\/v2\/media?parent=13345"}],"curies":[{"name":"wp","href":"https:\/\/api.w.org\/{rel}","templated":true}]}}